{"id":8387,"date":"2015-02-28T03:46:27","date_gmt":"2015-02-28T03:46:27","guid":{"rendered":"https:\/\/mareindaco.it\/es\/chi-siamo\/"},"modified":"2018-01-30T15:55:10","modified_gmt":"2018-01-30T15:55:10","slug":"quien-somos","status":"publish","type":"page","link":"https:\/\/mareindaco.it\/es\/quien-somos\/","title":{"rendered":"Quien somos"},"content":{"rendered":"<p>[vc_row container_class=&#8221;container&#8221; css=&#8221;.vc_custom_1425258682517{padding-top: 65px !important;padding-bottom: 70px !important;}&#8221; gmbt_prlx_bg_type=&#8221;parallax&#8221; gmbt_prlx_break_parents=&#8221;0&#8243; gmbt_prlx_smooth_scrolling=&#8221;&#8221; gmbt_prlx_video_youtube_mute=&#8221;&#8221; gmbt_prlx_video_youtube_loop_trigger=&#8221;0&#8243; gmbt_prlx_video_aspect_ratio=&#8221;16:9&#8243; gmbt_prlx_parallax=&#8221;none&#8221; gmbt_prlx_speed=&#8221;0.3&#8243; gmbt_prlx_enable_mobile=&#8221;&#8221;][vc_column offset=&#8221;vc_col-lg-offset-1 vc_col-lg-10 vc_col-md-offset-1 vc_col-md-10&#8243;][vc_single_image image=&#8221;6405&#8243; img_size=&#8221;full&#8221; alignment=&#8221;center&#8221;]<div class=\"section-title  vc_custom_1517308704941 center\" style=\"text-align:center;color:#2c2b2d\"><h3 style=\"font-size:px;color:;\" class=\"bold text-uppercase\">MARE INDACO DESDE 2007<\/h3><div style=\"background:#2c2b2d;width:30px;height:2px;\" class=\"hr\"><\/div><\/div>[vc_column_text]<\/p>\n<p style=\"text-align: center;\">A\u00f1il el color que ha inspirado a la familia Cappello para crear un maravilloso oasis de relajaci\u00f3n ubicado a 400 metros del mar, ya solo 2 minutos de la Casa del Commissario Montalbano. El B&amp;B se encuentra dentro de su granja, con cuatro habitaciones con vistas al mar, equipadas con ba\u00f1o privado, TV, nevera, aire acondicionado, Wi-Fi y estacionamiento. Un espl\u00e9ndido jard\u00edn rodea toda la estructura con olivos, algarrobos, melocotoneros y toda variedad de frutas t\u00edpicas. El desayuno es abundante en base a productos t\u00edpicos sicilianos, pan casero, mermeladas org\u00e1nicas y fruta de temporada. Obviamente, la cocina es mediterr\u00e1nea y exquisitamente siciliana.<\/p>\n<p>[\/vc_column_text][\/vc_column][\/vc_row][vc_row container_class=&#8221;container&#8221; css=&#8221;.vc_custom_1425261230539{padding-top: 80px !important;padding-bottom: 85px !important;background-color: #f8f8f8 !important;}&#8221; gmbt_prlx_bg_type=&#8221;parallax&#8221; gmbt_prlx_break_parents=&#8221;0&#8243; gmbt_prlx_smooth_scrolling=&#8221;&#8221; gmbt_prlx_video_youtube_mute=&#8221;&#8221; gmbt_prlx_video_youtube_loop_trigger=&#8221;0&#8243; gmbt_prlx_video_aspect_ratio=&#8221;16:9&#8243; gmbt_prlx_parallax=&#8221;none&#8221; gmbt_prlx_speed=&#8221;0.3&#8243; gmbt_prlx_enable_mobile=&#8221;&#8221;][vc_column width=&#8221;1\/4&#8243;]<div class=\"ts-funfact ts-funfact-style3\" style=\"color:#2b2b2b\">\t\t<span class=\"funfact-icon icon_lightbulb_alt\" style=\"color:#3b8cbf\" aria-hidden=\"true\"><\/span><div class=\"funfact-number-unit\">\n\t\t\t\t\t\t\t\t<span data-number=\"2040\" class=\"funfact-number\">2040<\/span>\t\t<\/div>\n\t\t\t\t\t\t\t<h5 style=\"color:#2b2b2b\">CLIENTES SATISFECHOS<\/h5>\n\t\t\t\t\t<\/div>[\/vc_column][vc_column width=&#8221;1\/4&#8243;]<div class=\"ts-funfact ts-funfact-style3\" style=\"color:#2b2b2b\">\t\t<span class=\"funfact-icon icon_pens\" style=\"color:#3b8cbf\" aria-hidden=\"true\"><\/span><div class=\"funfact-number-unit\">\n\t\t\t\t\t\t\t\t<span data-number=\"1900\" class=\"funfact-number\">1900<\/span>\t\t<\/div>\n\t\t\t\t\t\t\t<h5 style=\"color:#2b2b2b\">CLIENTES FIDELIZADOS<\/h5>\n\t\t\t\t\t<\/div>[\/vc_column][vc_column width=&#8221;1\/4&#8243;]<div class=\"ts-funfact ts-funfact-style3\" style=\"color:#2b2b2b\">\t\t<span class=\"funfact-icon icon_mug\" style=\"color:#3b8cbf\" aria-hidden=\"true\"><\/span><div class=\"funfact-number-unit\">\n\t\t\t\t\t\t\t\t<span data-number=\"6050\" class=\"funfact-number\">6050<\/span>\t\t<\/div>\n\t\t\t\t\t\t\t<h5 style=\"color:#2b2b2b\">COLORES SERVIDOS<\/h5>\n\t\t\t\t\t<\/div>[\/vc_column][vc_column width=&#8221;1\/4&#8243;]<div class=\"ts-funfact ts-funfact-style3\" style=\"color:#2b2b2b\">\t\t<span class=\"funfact-icon icon_error-circle\" style=\"color:#3b8cbf\" aria-hidden=\"true\"><\/span><div class=\"funfact-number-unit\">\n\t\t\t\t\t\t\t\t<span data-number=\"10\" class=\"funfact-number\">10<\/span>\t\t<\/div>\n\t\t\t\t\t\t\t<h5 style=\"color:#2b2b2b\">CLIENTES NO OFICIALES<\/h5>\n\t\t\t\t\t<\/div>[\/vc_column][\/vc_row][vc_row parallax=&#8221;content-moving&#8221; ts_parallax_type=&#8221;image_bg&#8221; ts_bg_attachment=&#8221;scroll&#8221; container_class=&#8221;container&#8221; css=&#8221;.vc_custom_1517302970680{padding-top: 95px !important;padding-bottom: 95px !important;background-color: #f8f8f8 !important;}&#8221; gmbt_prlx_bg_type=&#8221;parallax&#8221; gmbt_prlx_break_parents=&#8221;0&#8243; gmbt_prlx_smooth_scrolling=&#8221;&#8221; gmbt_prlx_video_youtube_mute=&#8221;&#8221; gmbt_prlx_video_youtube_loop_trigger=&#8221;0&#8243; gmbt_prlx_video_aspect_ratio=&#8221;16:9&#8243; gmbt_prlx_parallax=&#8221;none&#8221; gmbt_prlx_speed=&#8221;0.3&#8243; gmbt_prlx_enable_mobile=&#8221;&#8221; bg_type=&#8221;image&#8221; bg_grad=&#8221;background: -webkit-gradient(linear, left top, left bottom, color-stop(0%, #E3E3E3));background: -moz-linear-gradient(top,#E3E3E3 0%);background: -webkit-linear-gradient(top,#E3E3E3 0%);background: -o-linear-gradient(top,#E3E3E3 0%);background: -ms-linear-gradient(top,#E3E3E3 0%);background: linear-gradient(top,#E3E3E3 0%);&#8221; parallax_style=&#8221;vcpb-default&#8221; bg_image_new=&#8221;7054&#8243; bg_image_repeat=&#8221;no-repeat&#8221; bg_image_size=&#8221;contain&#8221; bg_img_attach=&#8221;scroll&#8221; parallax_sense=&#8221;30&#8243; animation_direction=&#8221;left-animation&#8221; animation_repeat=&#8221;repeat&#8221; video_opts=&#8221;&#8221; viewport_vdo=&#8221;off&#8221; enable_controls=&#8221;off&#8221; bg_override=&#8221;0&#8243; disable_on_mobile_img_parallax=&#8221;off&#8221; parallax_content_sense=&#8221;30&#8243; fadeout_start_effect=&#8221;30&#8243; overlay_pattern_opacity=&#8221;80&#8243; overlay_pattern_attachment=&#8221;fixed&#8221; multi_color_overlay=&#8221;&#8221; multi_color_overlay_opacity=&#8221;60&#8243; seperator_type=&#8221;none_seperator&#8221; seperator_position=&#8221;top_seperator&#8221; seperator_shape_size=&#8221;40&#8243; seperator_svg_height=&#8221;60&#8243; seperator_shape_background=&#8221;#ffffff&#8221; seperator_shape_border=&#8221;none&#8221; seperator_shape_border_width=&#8221;1&#8243; icon_type=&#8221;no_icon&#8221; icon_size=&#8221;32&#8243; icon_style=&#8221;none&#8221; icon_color_border=&#8221;#333333&#8243; icon_border_size=&#8221;1&#8243; icon_border_radius=&#8221;500&#8243; icon_border_spacing=&#8221;50&#8243; img_width=&#8221;48&#8243; ult_hide_row_large_screen=&#8221;off&#8221; ult_hide_row_desktop=&#8221;off&#8221; ult_hide_row_tablet=&#8221;off&#8221; ult_hide_row_tablet_small=&#8221;off&#8221; ult_hide_row_mobile=&#8221;off&#8221; ult_hide_row_mobile_large=&#8221;off&#8221; bg_image_posiiton=&#8221;center&#8221; ts_parallax_bg_img_id=&#8221;8377&#8243;][vc_column]<div class=\"section-title  center\" style=\"text-align:center;color:#2c2b2d\"><h3 style=\"font-size:px;color:;\" class=\"bold text-uppercase\">POR QU\u00c9 ELEGIR MAR INDACO<\/h3><div style=\"background:#2c2b2d;width:30px;height:2px;\" class=\"hr\"><\/div><\/div><div class=\"ts-timeline-horizontal\">\t\t<div class=\"item-timeline\">\n\t\t\t\t\t<div class=\"ts-bgicon\">\n\t\t\t\t\t<span class=\"timeline-icon\">\t\t\t\t\t\n\t\t\t\t\t\t<i class=\"ts-elegant-icon icon_search-2\" aria-hidden=\"true\"><\/i>\t\t\t\t\t\t\n\t\t\t\t\t<\/span>\t\n\t\t\t\t\t<\/div>\n\t\t\t\t\t<div class=\"divider-icon\"><\/div>\n\t\t\t\t\t<div class=\"info\">\n\t\t\t\t\t\t<div class=\"timeline-title\">INVESTIGACI\u00d3N <\/div>\n\t\t\t\t\t\t<div class=\"timeline-description\">Desde 2007 estamos comprometidos a encontrar nuevas soluciones para la comodidad de nuestros hu\u00e9spedes <\/div>\n\t\t\t\t\t<\/div>\n\t\t\t\t<\/div>\t\t<div class=\"item-timeline\">\n\t\t\t\t\t<div class=\"ts-bgicon\">\n\t\t\t\t\t<span class=\"timeline-icon\">\t\t\t\t\t\n\t\t\t\t\t\t<i class=\"ts-elegant-icon icon_book_alt\" aria-hidden=\"true\"><\/i>\t\t\t\t\t\t\n\t\t\t\t\t<\/span>\t\n\t\t\t\t\t<\/div>\n\t\t\t\t\t<div class=\"divider-icon\"><\/div>\n\t\t\t\t\t<div class=\"info\">\n\t\t\t\t\t\t<div class=\"timeline-title\"> PASI\u00d3N <\/div>\n\t\t\t\t\t\t<div class=\"timeline-description\"> La pasi\u00f3n que ponemos est\u00e1 dictada por la fuerza de nuestra tierra, su sol y su espl\u00e9ndido mar <\/div>\n\t\t\t\t\t<\/div>\n\t\t\t\t<\/div>\t\t<div class=\"item-timeline\">\n\t\t\t\t\t<div class=\"ts-bgicon\">\n\t\t\t\t\t<span class=\"timeline-icon\">\t\t\t\t\t\n\t\t\t\t\t\t<i class=\"ts-elegant-icon icon_pens\" aria-hidden=\"true\"><\/i>\t\t\t\t\t\t\n\t\t\t\t\t<\/span>\t\n\t\t\t\t\t<\/div>\n\t\t\t\t\t<div class=\"divider-icon\"><\/div>\n\t\t\t\t\t<div class=\"info\">\n\t\t\t\t\t\t<div class=\"timeline-title\"> COMPROMISO <\/div>\n\t\t\t\t\t\t<div class=\"timeline-description\"> El compromiso de satisfacer la mayor\u00eda de las necesidades de cada cliente siempre es el mejor <\/div>\n\t\t\t\t\t<\/div>\n\t\t\t\t<\/div>\t\t<div class=\"item-timeline\">\n\t\t\t\t\t<div class=\"ts-bgicon\">\n\t\t\t\t\t<span class=\"timeline-icon\">\t\t\t\t\t\n\t\t\t\t\t\t<i class=\"ts-elegant-icon icon_mug\" aria-hidden=\"true\"><\/i>\t\t\t\t\t\t\n\t\t\t\t\t<\/span>\t\n\t\t\t\t\t<\/div>\n\t\t\t\t\t<div class=\"divider-icon\"><\/div>\n\t\t\t\t\t<div class=\"info\">\n\t\t\t\t\t\t<div class=\"timeline-title\"> AMOR POR SU TRABAJO<\/div>\n\t\t\t\t\t\t<div class=\"timeline-description\"> El amor es el principio con el que nos ocupamos y llevamos adelante nuestro proyecto de vida y trabajo<\/div>\n\t\t\t\t\t<\/div>\n\t\t\t\t<\/div><\/div>[\/vc_column][\/vc_row]<\/p>\n","protected":false},"excerpt":{"rendered":"<p>[vc_row container_class=&#8221;container&#8221; css=&#8221;.vc_custom_1425258682517{padding-top: 65px !important;padding-bottom: 70px !important;}&#8221; gmbt_prlx_bg_type=&#8221;parallax&#8221; gmbt_prlx_break_parents=&#8221;0&#8243; gmbt_prlx_smooth_scrolling=&#8221;&#8221; gmbt_prlx_video_youtube_mute=&#8221;&#8221; gmbt_prlx_video_youtube_loop_trigger=&#8221;0&#8243; gmbt_prlx_video_aspect_ratio=&#8221;16:9&#8243; gmbt_prlx_parallax=&#8221;none&#8221; gmbt_prlx_speed=&#8221;0.3&#8243; gmbt_prlx_enable_mobile=&#8221;&#8221;][vc_column offset=&#8221;vc_col-lg-offset-1 vc_col-lg-10 vc_col-md-offset-1 vc_col-md-10&#8243;][vc_single_image image=&#8221;6405&#8243; img_size=&#8221;full&#8221; alignment=&#8221;center&#8221;][vc_column_text] A\u00f1il el color que ha inspirado a la familia Cappello para crear un maravilloso oasis de relajaci\u00f3n ubicado a 400 metros del mar, ya solo 2 minutos de la Casa del Commissario [&hellip;]<\/p>\n","protected":false},"author":1,"featured_media":0,"parent":0,"menu_order":0,"comment_status":"closed","ping_status":"closed","template":"templates\/fullwidth-template.php","meta":{"footnotes":""},"acf":[],"aioseo_notices":[],"_links":{"self":[{"href":"https:\/\/mareindaco.it\/es\/wp-json\/wp\/v2\/pages\/8387"}],"collection":[{"href":"https:\/\/mareindaco.it\/es\/wp-json\/wp\/v2\/pages"}],"about":[{"href":"https:\/\/mareindaco.it\/es\/wp-json\/wp\/v2\/types\/page"}],"author":[{"embeddable":true,"href":"https:\/\/mareindaco.it\/es\/wp-json\/wp\/v2\/users\/1"}],"replies":[{"embeddable":true,"href":"https:\/\/mareindaco.it\/es\/wp-json\/wp\/v2\/comments?post=8387"}],"version-history":[{"count":0,"href":"https:\/\/mareindaco.it\/es\/wp-json\/wp\/v2\/pages\/8387\/revisions"}],"wp:attachment":[{"href":"https:\/\/mareindaco.it\/es\/wp-json\/wp\/v2\/media?parent=8387"}],"curies":[{"name":"wp","href":"https:\/\/api.w.org\/{rel}","templated":true}]}}