                    {"id":7110,"date":"2016-02-12T09:42:46","date_gmt":"2016-02-12T09:42:46","guid":{"rendered":"http:\/\/mareindaco.it\/?page_id=7110&#038;lang=en"},"modified":"2018-01-30T16:13:42","modified_gmt":"2018-01-30T16:13:42","slug":"contact","status":"publish","type":"page","link":"http:\/\/mareindaco.it\/en\/contact\/","title":{"rendered":"Contact"},"content":{"rendered":"<p>[vc_row container_class=&#8221;container&#8221; gmbt_prlx_bg_type=&#8221;parallax&#8221; gmbt_prlx_break_parents=&#8221;0&#8243; gmbt_prlx_smooth_scrolling=&#8221;&#8221; gmbt_prlx_video_youtube_mute=&#8221;&#8221; gmbt_prlx_video_youtube_loop_trigger=&#8221;0&#8243; gmbt_prlx_video_aspect_ratio=&#8221;16:9&#8243; gmbt_prlx_parallax=&#8221;none&#8221; gmbt_prlx_speed=&#8221;0.3&#8243; gmbt_prlx_enable_mobile=&#8221;&#8221; css=&#8221;.vc_custom_1454538739405{padding-top: 85px !important;padding-bottom: 50px !important;}&#8221; bg_type=&#8221;no_bg&#8221; bg_grad=&#8221;background: -webkit-gradient(linear, left top, left bottom, color-stop(0%, #E3E3E3));background: -moz-linear-gradient(top,#E3E3E3 0%);background: -webkit-linear-gradient(top,#E3E3E3 0%);background: -o-linear-gradient(top,#E3E3E3 0%);background: -ms-linear-gradient(top,#E3E3E3 0%);background: linear-gradient(top,#E3E3E3 0%);&#8221; parallax_style=&#8221;vcpb-default&#8221; bg_image_repeat=&#8221;repeat&#8221; bg_image_size=&#8221;cover&#8221; bg_img_attach=&#8221;scroll&#8221; parallax_sense=&#8221;30&#8243; animation_direction=&#8221;left-animation&#8221; animation_repeat=&#8221;repeat&#8221; video_opts=&#8221;&#8221; viewport_vdo=&#8221;off&#8221; enable_controls=&#8221;off&#8221; bg_override=&#8221;0&#8243; disable_on_mobile_img_parallax=&#8221;off&#8221; parallax_content=&#8221;parallax_content_value&#8221; parallax_content_sense=&#8221;30&#8243; fadeout_start_effect=&#8221;30&#8243; overlay_pattern_opacity=&#8221;80&#8243; overlay_pattern_attachment=&#8221;fixed&#8221; multi_color_overlay=&#8221;&#8221; multi_color_overlay_opacity=&#8221;60&#8243; seperator_type=&#8221;none_seperator&#8221; seperator_position=&#8221;top_seperator&#8221; seperator_shape_size=&#8221;40&#8243; seperator_svg_height=&#8221;60&#8243; seperator_shape_background=&#8221;#ffffff&#8221; seperator_shape_border=&#8221;none&#8221; seperator_shape_border_width=&#8221;1&#8243; icon_type=&#8221;no_icon&#8221; icon_size=&#8221;32&#8243; icon_style=&#8221;none&#8221; icon_color_border=&#8221;#333333&#8243; icon_border_size=&#8221;1&#8243; icon_border_radius=&#8221;500&#8243; icon_border_spacing=&#8221;50&#8243; img_width=&#8221;48&#8243; ult_hide_row_large_screen=&#8221;off&#8221; ult_hide_row_desktop=&#8221;off&#8221; ult_hide_row_tablet=&#8221;off&#8221; ult_hide_row_tablet_small=&#8221;off&#8221; ult_hide_row_mobile=&#8221;off&#8221; ult_hide_row_mobile_large=&#8221;off&#8221;][vc_column width=&#8221;3\/4&#8243;]<div class=\"section-title  vc_custom_1455270213062 left\" style=\"text-align:left;color:#2c2b2d\"><h4 style=\"font-size:px;color:;\" class=\"bold text-uppercase\">Ask us for any queries or informations about your staying in our B&amp;B.<\/h4><p>Please send a message to our staff.<\/p>\n<\/div>\n<div class=\"wpcf7 no-js\" id=\"wpcf7-f8417-o1\" lang=\"it-IT\" dir=\"ltr\">\n<div class=\"screen-reader-response\"><p role=\"status\" aria-live=\"polite\" aria-atomic=\"true\"><\/p> <ul><\/ul><\/div>\n<form action=\"\/en\/wp-json\/wp\/v2\/pages\/7110#wpcf7-f8417-o1\" method=\"post\" class=\"wpcf7-form init\" aria-label=\"Modulo di contatto\" novalidate=\"novalidate\" data-status=\"init\">\n<div style=\"display: none;\">\n<input type=\"hidden\" name=\"_wpcf7\" value=\"8417\" \/>\n<input type=\"hidden\" name=\"_wpcf7_version\" value=\"5.8.6\" \/>\n<input type=\"hidden\" name=\"_wpcf7_locale\" value=\"it_IT\" \/>\n<input type=\"hidden\" name=\"_wpcf7_unit_tag\" value=\"wpcf7-f8417-o1\" \/>\n<input type=\"hidden\" name=\"_wpcf7_container_post\" value=\"0\" \/>\n<input type=\"hidden\" name=\"_wpcf7_posted_data_hash\" value=\"\" \/>\n<\/div>\n<p><span class=\"wpcf7-form-control-wrap\" data-name=\"text-809\"><input size=\"40\" class=\"wpcf7-form-control wpcf7-text\" aria-invalid=\"false\" placeholder=\"Name\" value=\"\" type=\"text\" name=\"text-809\" \/><\/span>\n<\/p>\n<p><span class=\"wpcf7-form-control-wrap\" data-name=\"text-810\"><input size=\"40\" class=\"wpcf7-form-control wpcf7-text\" aria-invalid=\"false\" placeholder=\"Surname\" value=\"\" type=\"text\" name=\"text-810\" \/><\/span>\n<\/p>\n<p><span class=\"wpcf7-form-control-wrap\" data-name=\"text-811\"><input size=\"40\" class=\"wpcf7-form-control wpcf7-text\" aria-invalid=\"false\" placeholder=\"Phone\" value=\"\" type=\"text\" name=\"text-811\" \/><\/span>\n<\/p>\n<p><span class=\"wpcf7-form-control-wrap\" data-name=\"email-572\"><input size=\"40\" class=\"wpcf7-form-control wpcf7-email wpcf7-validates-as-required wpcf7-text wpcf7-validates-as-email\" aria-required=\"true\" aria-invalid=\"false\" placeholder=\"E-mail\" value=\"\" type=\"email\" name=\"email-572\" \/><\/span>\n<\/p>\n<p><span class=\"wpcf7-form-control-wrap\" data-name=\"text-812\"><input size=\"40\" class=\"wpcf7-form-control wpcf7-text\" aria-invalid=\"false\" placeholder=\"Subject\" value=\"\" type=\"text\" name=\"text-812\" \/><\/span>\n<\/p>\n<p>Information and\/or additional requests: <span class=\"wpcf7-form-control-wrap\" data-name=\"text-1000\"><input size=\"40\" class=\"wpcf7-form-control wpcf7-text\" aria-invalid=\"false\" placeholder=\"Message\" value=\"\" type=\"text\" name=\"text-1000\" \/><\/span>\n<\/p>\n<p><input class=\"wpcf7-form-control wpcf7-submit has-spinner\" type=\"submit\" value=\"Send\" \/>\n<\/p><div class=\"wpcf7-response-output\" aria-hidden=\"true\"><\/div>\n<\/form>\n<\/div>\n[\/vc_column][vc_column width=&#8221;1\/4&#8243;]<div class=\"section-title  vc_custom_1455270230868 left\" style=\"text-align:left;color:#2c2b2d\"><h4 style=\"font-size:px;color:;\" class=\"bold text-uppercase\">Informations<\/h4><\/div>[vc_column_text css=&#8221;.vc_custom_1455270282993{border-bottom-width: 1px !important;padding-bottom: 35px !important;border-bottom-color: #ededed !important;border-bottom-style: solid !important;}&#8221;]<\/p>\n<p>The staff of Mare Indaco you care to solve any questions or need our guests want to meet. Just ask for a clarification to your accommodation, the accompanying services or even information on the location and surroundings of the B&amp;B. Thank you, see you soon.<\/p>\n<p>[\/vc_column_text]<div class=\"ts-contact-infomation left wpb_text_column wpb_content_element \"><h4><span class=\"icon_pin_alt\"><\/span>CONTACT US<\/h4><p>via torre di mezzo 226, Punta Secca 97017<br \/>\nSanta Croce Camerina RG<br \/>\n<\/p><span>Email<\/span>: <a href=\"mailto:info@mareindaco.it\">info@mareindaco.it<\/a><br \/><span>Phone<\/span>: +39 333 5615746<br \/><span>Fax<\/span>: (888) 755-7585<br \/><\/div>[\/vc_column][\/vc_row][vc_row][vc_column]<div id=\"google-map-184582\" \n                    class=\"ts-advanced-gmaps\" \n                    data-hue=\"#787878\" \n                    data-lightness=\"1\" \n                    data-saturation=\"-100\" \n                    data-modify-coloring=\"true\" \n                    data-draggable=\"true\" \n                    data-scale-control=\"true\" \n                    data-map-type-control=\"true\" \n                    data-zoom-control=\"true\" \n                    data-pan-control=\"true\" \n                    data-address3=\"\" \n                    data-longitude3=\"\" \n                    data-latitude3=\"\" \n                    data-address2=\"\" \n                    data-longitude2=\"\" \n                    data-latitude2=\"\" \n                    data-address=\"Ng\u00f5 176 Z115, T\u00e2n Th\u1ecbnh, tp. Th\u00e1i Nguy\u00ean, Th\u00e1i Nguy\u00ean, Vi\u1ec7t Nam\" \n                    data-longitude=\"14.4834799\" \n                    data-latitude=\"36.799634\" \n                    data-pin-icon=\"\" \n                    data-zoom=\"14\" \n                    style=\"height: 420px; width: 100%; position: relative; background-color: rgb(229, 227, 223); overflow: hidden;\" \n                    data-map-type=\"ROADMAP\"><\/div>                <script type=\"text\/javascript\" src=\"https:\/\/maps.googleapis.com\/maps\/api\/js?sensor=false\"><\/script>\n                <script type=\"text\/javascript\">\n                jQuery(document).ready(function() {\n                    jQuery(window).load(function() {\n                        mk_google_maps();\n                    });\n                });\n                \n                function mk_google_maps() {\n                    jQuery('.ts-advanced-gmaps').each(function() {\n                        var $this = jQuery(this),\n                          $id \t= $this.attr('id'),\n                          $zoom = parseInt($this.attr('data-zoom')),\n                          $latitude = $this.attr('data-latitude'),\n                          $longitude = $this.attr('data-longitude'),\n                          $address = $this.attr('data-address'),\n                          $latitude_2 = $this.attr('data-latitude2'),\n                          $longitude_2 = $this.attr('data-longitude2'),\n                          $address_2 = $this.attr('data-address2'),\n                          $latitude_3 = $this.attr('data-latitude3'),\n                          $longitude_3 = $this.attr('data-longitude3'),\n                          $address_3 = $this.attr('data-address3'),\n                          $map_type = $this.attr('data-map-type'),\n                          $pin_icon = $this.attr('data-pin-icon'),\n                          $pan_control = $this.attr('data-pan-control') === \"true\" ? true : false,\n                          $map_type_control = $this.attr('data-map-type-control') === \"true\" ? true : false,\n                          $scale_control = $this.attr('data-scale-control') === \"true\" ? true : false,\n                          $draggable = $this.attr('data-draggable') === \"true\" ? true : false,\n                          $zoom_control = $this.attr('data-zoom-control') === \"true\" ? true : false,\n                          $modify_coloring = $this.attr('data-modify-coloring') === \"true\" ? true : false,\n                          $saturation = $this.attr('data-saturation'),\n                          $hue = $this.attr('data-hue'),\n                          $lightness = $this.attr('data-lightness'),\n                          $styles;\n            \n            \n                        if ($modify_coloring == true) {\n                          var $styles = [{\n                            stylers: [{\n                              hue: $hue\n                            }, {\n                              saturation: $saturation\n                            }, {\n                              lightness: $lightness\n                            }, {\n                              featureType: \"landscape.man_made\",\n                              stylers: [{\n                                visibility: \"on\"\n                              }]\n                            }]\n                          }];\n                        }\n            \n                        var map;\n            \n                        function initialize()\n                        {            \n                          var bounds = new google.maps.LatLngBounds();\n                          var mapOptions = {\n                            zoom: $zoom,\n                            panControl: $pan_control,\n                            zoomControl: $zoom_control,\n                            mapTypeControl: $map_type_control,\n                            scaleControl: $scale_control,\n                            draggable: $draggable,\n                            scrollwheel: false,\n                            mapTypeId: google.maps.MapTypeId[$map_type],\n                            styles: $styles\n                          };\n            \n                          map = new google.maps.Map(document.getElementById($id), mapOptions);\n                          map.setTilt(45);\n            \n                          \/\/ Multiple Markers\n            \n                          var markers = [];\n                          var infoWindowContent = [];\n            \n                          if ($latitude != '' && $longitude != '') {\n                            markers[0] = [$address, $latitude, $longitude];\n                            infoWindowContent[0] = [$address];\n                          }\n            \n                          if ($latitude_2 != '' && $longitude_2 != '') {\n                            markers[1] = [$address_2, $latitude_2, $longitude_2];\n                            infoWindowContent[1] = [$address_2];\n                          }\n            \n                          if ($latitude_3 != '' && $longitude_3 != '') {\n                            markers[2] = [$address_3, $latitude_3, $longitude_3];\n                            infoWindowContent[2] = [$address_3];\n                          }\n                          \n                          var infoWindow = new google.maps.InfoWindow(), marker, i;\n\n                          for (i = 0; i < markers.length; i++)\n                          {\n                            var position = new google.maps.LatLng(markers[i][1], markers[i][2]);\n                            bounds.extend(position);\n                            marker = new google.maps.Marker({\n                              position: position,\n                              map: map,\n                              title: markers[i][0],\n                              icon: $pin_icon\n                            });\n            \n                            google.maps.event.addListener(marker, 'click', (function(marker, i) {\n                              return function() {\n                                if(infoWindowContent[i][0].length > 1) {                                  \n                                    infoWindow.setContent('<div style=\"color:#000;background-color:#fff;padding:5px;width:200px;\"><h4>Themestudio<\/h4><p>Ng\u00f5 176 Z115, T\u00e2n Th\u1ecbnh, tp. Th\u00e1i Nguy\u00ean, Th\u00e1i Nguy\u00ean, Vi\u1ec7t Nam<\/p><i class=\"fa fa-phone\"><\/i> +39 333 5615746<br\/><i class=\"fa fa-envelope\"><\/i><a href=\"mailto:info@mareindaco.it\">  info@mareindaco.it<\/a><br\/><i class=\"fa fa-globe\"><\/i><a target=\"_blank\" href=\"http:\/\/mareindaco.it\"> mareindaco.it<\/a><\/div>');\n                                }\n                                \n                                infoWindow.open(map, marker);\n                              }\n                            })(marker, i));\n            \n                            map.fitBounds(bounds);\n            \n                          }\n                          \n                          var boundsListener = google.maps.event.addListener((map), 'bounds_changed', function(event) {\n                            this.setZoom($zoom);\n                            google.maps.event.removeListener(boundsListener);\n                          });                          \n                        }\n                        \n                        initialize();\n                        \n                        function googleMapsResize() {                          \n                          initialize();\n                        } \n            \n                        var temporaryTabsContainer = jQuery('.mk-tabs');\n                        if (temporaryTabsContainer.length) {\n                          temporaryTabsContainer.each(function() {\n                            google.maps.event.addDomListener($(this)[0], \"click\", googleMapsResize);\n                          });\n            \n                        }\n            \n                        var fullHeight = $this.hasClass('full-height-map');\n                        function fullHeightMap()\n                        {\n                            if (fullHeight)\n                            {\n                                var $window_height = jQuery(window).outerHeight(), wp_admin_height = 0, header_height = 0;\n                                if(jQuery.exists('#mk-header .mk-header-holder')) {\n                                    header_height = parseInt(jQuery('#mk-header').attr('data-sticky-height'));  \n                                }   \n                                   \n                                if (jQuery.exists(\"#wpadminbar\")) {\n                                    var wp_admin_height = jQuery(\"#wpadminbar\").outerHeight();\n                                }\n                                \n                                $window_height = $window_height - wp_admin_height - header_height;\n                                $this.css('height', $window_height);\n                            }\n                        }\n                        \n                        fullHeightMap();\n                        jQuery(window).on('debouncedresize', fullHeightMap);\n                });\n            }\n            <\/script>\n            [\/vc_column][\/vc_row]<\/p>\n","protected":false},"excerpt":{"rendered":"<p>[vc_row container_class=&#8221;container&#8221; gmbt_prlx_bg_type=&#8221;parallax&#8221; gmbt_prlx_break_parents=&#8221;0&#8243; gmbt_prlx_smooth_scrolling=&#8221;&#8221; gmbt_prlx_video_youtube_mute=&#8221;&#8221; gmbt_prlx_video_youtube_loop_trigger=&#8221;0&#8243; gmbt_prlx_video_aspect_ratio=&#8221;16:9&#8243; gmbt_prlx_parallax=&#8221;none&#8221; gmbt_prlx_speed=&#8221;0.3&#8243; gmbt_prlx_enable_mobile=&#8221;&#8221; css=&#8221;.vc_custom_1454538739405{padding-top: 85px !important;padding-bottom: 50px !important;}&#8221; bg_type=&#8221;no_bg&#8221; bg_grad=&#8221;background: -webkit-gradient(linear, left top, left bottom, color-stop(0%, #E3E3E3));background: -moz-linear-gradient(top,#E3E3E3 0%);background: -webkit-linear-gradient(top,#E3E3E3 0%);background: -o-linear-gradient(top,#E3E3E3 0%);background: -ms-linear-gradient(top,#E3E3E3 0%);background: linear-gradient(top,#E3E3E3 0%);&#8221; parallax_style=&#8221;vcpb-default&#8221; bg_image_repeat=&#8221;repeat&#8221; bg_image_size=&#8221;cover&#8221; bg_img_attach=&#8221;scroll&#8221; parallax_sense=&#8221;30&#8243; animation_direction=&#8221;left-animation&#8221; animation_repeat=&#8221;repeat&#8221; video_opts=&#8221;&#8221; viewport_vdo=&#8221;off&#8221; enable_controls=&#8221;off&#8221; bg_override=&#8221;0&#8243; disable_on_mobile_img_parallax=&#8221;off&#8221; parallax_content=&#8221;parallax_content_value&#8221; parallax_content_sense=&#8221;30&#8243; fadeout_start_effect=&#8221;30&#8243; overlay_pattern_opacity=&#8221;80&#8243; overlay_pattern_attachment=&#8221;fixed&#8221; multi_color_overlay=&#8221;&#8221; multi_color_overlay_opacity=&#8221;60&#8243; seperator_type=&#8221;none_seperator&#8221; [&hellip;]<\/p>\n","protected":false},"author":1,"featured_media":0,"parent":0,"menu_order":0,"comment_status":"closed","ping_status":"closed","template":"templates\/fullwidth-template.php","meta":{"footnotes":""},"acf":[],"aioseo_notices":[],"_links":{"self":[{"href":"http:\/\/mareindaco.it\/en\/wp-json\/wp\/v2\/pages\/7110"}],"collection":[{"href":"http:\/\/mareindaco.it\/en\/wp-json\/wp\/v2\/pages"}],"about":[{"href":"http:\/\/mareindaco.it\/en\/wp-json\/wp\/v2\/types\/page"}],"author":[{"embeddable":true,"href":"http:\/\/mareindaco.it\/en\/wp-json\/wp\/v2\/users\/1"}],"replies":[{"embeddable":true,"href":"http:\/\/mareindaco.it\/en\/wp-json\/wp\/v2\/comments?post=7110"}],"version-history":[{"count":0,"href":"http:\/\/mareindaco.it\/en\/wp-json\/wp\/v2\/pages\/7110\/revisions"}],"wp:attachment":[{"href":"http:\/\/mareindaco.it\/en\/wp-json\/wp\/v2\/media?parent=7110"}],"curies":[{"name":"wp","href":"https:\/\/api.w.org\/{rel}","templated":true}]}}